{"id":633,"date":"2018-07-27T17:27:45","date_gmt":"2018-07-27T15:27:45","guid":{"rendered":"https:\/\/leriredelarcenciel.com\/wordpress\/?post_type=product&#038;p=633"},"modified":"2025-01-13T11:30:35","modified_gmt":"2025-01-13T10:30:35","slug":"lettre-decorative-v-bleu","status":"publish","type":"product","link":"https:\/\/leriredelarcenciel.com\/wordpress\/produit\/lettre-decorative-v-bleu\/","title":{"rendered":"Lettre d\u00e9corative V, bleu canard"},"content":{"rendered":"<p>Lettre V bleu canard d\u00e9corative \u00e0 poser sur une \u00e9tag\u00e8re, dans une chambre, au salon ou encore dans l&rsquo;entr\u00e9e. Lettre \u00e0 pr\u00e9senter seule en initiale ou avec d&rsquo;autres lettres pour former un pr\u00e9nom complet ou un mot.<br \/>\nA l&rsquo;occasion d&rsquo;un anniversaire, d&rsquo;une naissance, des f\u00eates de fin d&rsquo;ann\u00e9e&#8230; voici un cadeau original et unique \u00e0 offrir.<\/p>\n<p>Cette lettre mesure 10 cm de haut. Elle est en papier m\u00e2ch\u00e9. Je l&rsquo;ai recouverte de peinture et de vernis. Un peu de sable d\u00e9core sa base. La figurine, petite poup\u00e9e fait-main, tient un coquillage dans ses mains. Ce personnage est une fillette aux cheveux roux, v\u00eatue d&rsquo;une robe bleu clair.<\/p>\n<ul>\n<li>Lettre : papier m\u00e2ch\u00e9<\/li>\n<li>Dimensions de la lettre (personnage non compris) : 10 x 9 x 3 cm<\/li>\n<\/ul>\n<p>Id\u00e9e : vous pouvez \u00e9galement d\u00e9corer la porte d&rsquo;une chambre ou un mur avec les lettres d\u00e9coratives Le rire de l&rsquo;arc-en-ciel. Il vous suffit d&rsquo;ajouter un adh\u00e9sif double face (non fourni) \u00e0 l&rsquo;arri\u00e8re. Les lettres \u00e9tant l\u00e9g\u00e8res, elles se maintiendront sans probl\u00e8me.<\/p>\n<p>Vous souhaitez une lettre personnalis\u00e9e ?<br \/>\nContactez-moi pour m&rsquo;informer de la lettre choisie, de sa couleur, du personnage d\u00e9sir\u00e9 (couleur et longueur des cheveux, robe ou pantalon).<br \/>\nPr\u00e9voir 8 jours de d\u00e9lai environ pour sa r\u00e9alisation.<\/p>\n<p><strong>******************<\/strong><\/p>\n<p>Pour plus de transparence, j&rsquo;ai fait le choix de ne pas inclure les <strong>frais d&rsquo;exp\u00e9dition<\/strong> dans le prix des articles que je vous propose. Ils sont donc ajout\u00e9s lors de votre commande. Retrouvez toutes les informations sur <a href=\"https:\/\/leriredelarcenciel.com\/wordpress\/2018\/07\/13\/frais-dexpedition\/\" target=\"_blank\" rel=\"noopener noreferrer\"><strong><em>Frais d&rsquo;exp\u00e9dition<\/em><\/strong><\/a><strong><em>. <\/em><\/strong><\/p>\n<p>Cet article entre dans la cat\u00e9gorie <em>Colissimo 250g<\/em>.<\/p>\n<p><strong>******************<\/strong><\/p>\n<p>Besoin d&rsquo;<strong>informations suppl\u00e9mentaires<\/strong> sur ce produit ? Laissez-moi un message<a href=\"https:\/\/leriredelarcenciel.com\/wordpress\/contact-2\/\" target=\"_blank\" rel=\"noopener noreferrer\"><em><strong> ici.<\/strong><\/em><\/a> Je vous r\u00e9pondrai au plus vite.<\/p>\n<p><strong>******************<\/strong><\/p>\n<p>Vous souhaitez <strong>envoyer un cadeau<\/strong> ? Je peux envoyer cet article directement \u00e0 la personne de votre choix avec un emballage cadeau et un message de votre part. Pour cela, lors de votre commande, je vous invite \u00e0 cocher la case \u00ab\u00a0Exp\u00e9dier \u00e0 une personne diff\u00e9rente\u00a0\u00bb et \u00e0 me laisser le texte du message dans la partie \u00ab\u00a0Notes de commande\u00a0\u00bb.<\/p>\n<p><strong>******************<\/strong><\/p>\n<p><strong>Moyens de paiements<\/strong> accept\u00e9s : CB et Paypal<\/p>\n","protected":false},"excerpt":{"rendered":"<p>Lettre V bleue, d\u00e9coration \u00e0 poser bibelot, pr\u00e9nom initiale fille, 10 cm, lettre avec figurine<\/p>\n","protected":false},"featured_media":636,"template":"","meta":{"jetpack_post_was_ever_published":false},"product_brand":[],"product_cat":[489],"product_tag":[91,188,130,191,190],"class_list":{"0":"post-633","1":"product","2":"type-product","3":"status-publish","4":"has-post-thumbnail","6":"product_cat-lettres_decoratives_avec_petits-personnages","7":"product_tag-cadeau-pour-fille","8":"product_tag-decoration-chambre-fille","9":"product_tag-lettre-10-cm","10":"product_tag-lettre-3d","11":"product_tag-lettre-prenom","12":"product_shipping_class-c250","14":"first","15":"instock","16":"shipping-taxable","17":"purchasable","18":"product-type-simple"},"jetpack_sharing_enabled":true,"_links":{"self":[{"href":"https:\/\/leriredelarcenciel.com\/wordpress\/wp-json\/wp\/v2\/product\/633","targetHints":{"allow":["GET"]}}],"collection":[{"href":"https:\/\/leriredelarcenciel.com\/wordpress\/wp-json\/wp\/v2\/product"}],"about":[{"href":"https:\/\/leriredelarcenciel.com\/wordpress\/wp-json\/wp\/v2\/types\/product"}],"wp:featuredmedia":[{"embeddable":true,"href":"https:\/\/leriredelarcenciel.com\/wordpress\/wp-json\/wp\/v2\/media\/636"}],"wp:attachment":[{"href":"https:\/\/leriredelarcenciel.com\/wordpress\/wp-json\/wp\/v2\/media?parent=633"}],"wp:term":[{"taxonomy":"product_brand","embeddable":true,"href":"https:\/\/leriredelarcenciel.com\/wordpress\/wp-json\/wp\/v2\/product_brand?post=633"},{"taxonomy":"product_cat","embeddable":true,"href":"https:\/\/leriredelarcenciel.com\/wordpress\/wp-json\/wp\/v2\/product_cat?post=633"},{"taxonomy":"product_tag","embeddable":true,"href":"https:\/\/leriredelarcenciel.com\/wordpress\/wp-json\/wp\/v2\/product_tag?post=633"}],"curies":[{"name":"wp","href":"https:\/\/api.w.org\/{rel}","templated":true}]}}