{"id":5897,"date":"2022-05-06T10:58:20","date_gmt":"2022-05-06T08:58:20","guid":{"rendered":"https:\/\/leriredelarcenciel.com\/wordpress\/?post_type=product&#038;p=5897"},"modified":"2022-09-28T17:32:14","modified_gmt":"2022-09-28T15:32:14","slug":"tableau-hublot-broderie-poissons-dans-les-algues-30-cm","status":"publish","type":"product","link":"https:\/\/leriredelarcenciel.com\/wordpress\/produit\/tableau-hublot-broderie-poissons-dans-les-algues-30-cm\/","title":{"rendered":"Tableau hublot broderie poissons dans les algues 30 cm"},"content":{"rendered":"<p>Le petit poisson Bulle et ses deux amis ont trouv\u00e9 un coin de paradis pour vivre en toute qui\u00e9tude au fond des eaux de l&rsquo;oc\u00e9an, au milieu des algues foisonnantes.<\/p>\n<p>Cette d\u00e9coration murale est faite d\u2019une toile mont\u00e9e sur un tambour \u00e0 broder. Elle a un diam\u00e8tre de 30 cm. La toile tendue sur le tambour est en lin. Je l\u2019ai peinte puis j\u2019ai brod\u00e9 le motif \u00e0 la main. Plusieurs heures d\u2019un travail minutieux ont \u00e9t\u00e9 n\u00e9cessaires pour r\u00e9aliser ce tableau.<\/p>\n<p>Cr\u00e9ation originale et unique.<\/p>\n<ul>\n<li>Dimensions : diam\u00e8tre 30 cm<\/li>\n<li>Tissu 100% lin<\/li>\n<li>Fil \u00e0 broder 100% coton<\/li>\n<\/ul>\n<p>Le tambour \u00e0 broder sert de cadre au tableau. Il peut se fixer sur un mur \u00e0 l\u2019aide d\u2019une pointe.<\/p>\n<p><strong>******************<\/strong><\/p>\n<p>Pour plus de transparence, j&rsquo;ai fait le choix de ne pas int\u00e9grer les <strong>frais d&rsquo;exp\u00e9dition<\/strong> dans le prix des articles que je vous propose. Ils sont donc ajout\u00e9s lors de votre commande. Retrouvez toutes les informations sur <a href=\"https:\/\/leriredelarcenciel.com\/wordpress\/2018\/07\/13\/frais-dexpedition\/\" target=\"_blank\" rel=\"noopener noreferrer\"><strong><em>Frais d&rsquo;exp\u00e9dition<\/em><\/strong><\/a><strong><em>. <\/em><\/strong><\/p>\n<p>Cet article entre dans la cat\u00e9gorie <em>Lettre suivie 250g<\/em>.<\/p>\n<p><strong>******************<\/strong><\/p>\n<p>Besoin d&rsquo;<strong>informations suppl\u00e9mentaires<\/strong> sur ce produit ? Laissez-moi un message<a href=\"https:\/\/leriredelarcenciel.com\/wordpress\/contact-2\/\" target=\"_blank\" rel=\"noopener noreferrer\"><em><strong> ici.<\/strong><\/em><\/a> Je vous r\u00e9pondrai au plus vite.<\/p>\n<p><strong>******************<\/strong><\/p>\n<p>Vous souhaitez <strong>envoyer un cadeau<\/strong> ? Je peux envoyer cet article directement \u00e0 la personne de votre choix avec un emballage cadeau et un message de votre part. Pour cela, lors de votre commande, je vous invite \u00e0 cocher la case \u00ab\u00a0Exp\u00e9dier \u00e0 une personne diff\u00e9rente\u00a0\u00bb et \u00e0 me laisser le texte du message dans la partie \u00ab\u00a0Notes de commande\u00a0\u00bb.<\/p>\n<p><strong>******************<\/strong><\/p>\n<p><strong>Moyens de paiements<\/strong> accept\u00e9s : CB et Paypal<\/p>\n","protected":false},"excerpt":{"rendered":"<p>Tableau rond en peinture et broderie fine \u00e0 l\u2019aiguille, d\u00e9coration fond marin pr\u00e9sent\u00e9e sur toile entour\u00e9e d\u2019un tambour \u00e0 broder<\/p>\n","protected":false},"featured_media":5898,"template":"","meta":{"jetpack_post_was_ever_published":false},"product_brand":[],"product_cat":[482],"product_tag":[36,196,35,33],"class_list":{"0":"post-5897","1":"product","2":"type-product","3":"status-publish","4":"has-post-thumbnail","6":"product_cat-tableaux_brodes","7":"product_tag-broderie-nature","8":"product_tag-broderie-sur-tambour","9":"product_tag-decoration-murale","10":"product_tag-tableaux-brodes","11":"product_shipping_class-ls250","13":"first","14":"instock","15":"shipping-taxable","16":"purchasable","17":"product-type-simple"},"jetpack_sharing_enabled":true,"_links":{"self":[{"href":"https:\/\/leriredelarcenciel.com\/wordpress\/wp-json\/wp\/v2\/product\/5897","targetHints":{"allow":["GET"]}}],"collection":[{"href":"https:\/\/leriredelarcenciel.com\/wordpress\/wp-json\/wp\/v2\/product"}],"about":[{"href":"https:\/\/leriredelarcenciel.com\/wordpress\/wp-json\/wp\/v2\/types\/product"}],"wp:featuredmedia":[{"embeddable":true,"href":"https:\/\/leriredelarcenciel.com\/wordpress\/wp-json\/wp\/v2\/media\/5898"}],"wp:attachment":[{"href":"https:\/\/leriredelarcenciel.com\/wordpress\/wp-json\/wp\/v2\/media?parent=5897"}],"wp:term":[{"taxonomy":"product_brand","embeddable":true,"href":"https:\/\/leriredelarcenciel.com\/wordpress\/wp-json\/wp\/v2\/product_brand?post=5897"},{"taxonomy":"product_cat","embeddable":true,"href":"https:\/\/leriredelarcenciel.com\/wordpress\/wp-json\/wp\/v2\/product_cat?post=5897"},{"taxonomy":"product_tag","embeddable":true,"href":"https:\/\/leriredelarcenciel.com\/wordpress\/wp-json\/wp\/v2\/product_tag?post=5897"}],"curies":[{"name":"wp","href":"https:\/\/api.w.org\/{rel}","templated":true}]}}