{"id":5498,"date":"2022-01-13T10:07:23","date_gmt":"2022-01-13T09:07:23","guid":{"rendered":"https:\/\/leriredelarcenciel.com\/wordpress\/?post_type=product&#038;p=5498"},"modified":"2022-07-11T12:05:58","modified_gmt":"2022-07-11T10:05:58","slug":"tableau-hublot-brode-paysage-champetre","status":"publish","type":"product","link":"https:\/\/leriredelarcenciel.com\/wordpress\/produit\/tableau-hublot-brode-paysage-champetre\/","title":{"rendered":"Tableau hublot brod\u00e9 paysage champ\u00eatre 30 cm"},"content":{"rendered":"<p>Ce grand tableau hublot vous offre une promenade au milieu d&rsquo;une prairie. Ambiance champ\u00eatre garantie avec ce paysage peint et brod\u00e9 finement \u00e0 la main !<\/p>\n<p>C&rsquo;est une d\u00e9coration murale ronde, faite d&rsquo;une toile mont\u00e9e sur un tambour \u00e0 broder. Elle a un diam\u00e8tre de 30 cm. La toile tendue sur le tambour est un coton blanc. J&rsquo;ai imagin\u00e9, peint puis brod\u00e9 le motif \u00e0 la main. De nombreuses heures d&rsquo;un travail minutieux ont \u00e9t\u00e9 n\u00e9cessaires pour r\u00e9aliser ce tableau.<\/p>\n<p>Cr\u00e9ation originale et unique.<\/p>\n<ul>\n<li>Dimensions : diam\u00e8tre 30 cm<\/li>\n<li>Tissu 100% coton<\/li>\n<li>Fil \u00e0 broder 100% coton<\/li>\n<\/ul>\n<p>Le tambour \u00e0 broder sert de cadre au tableau.<\/p>\n<p><strong>******************<\/strong><\/p>\n<p>Pour plus de transparence, j&rsquo;ai fait le choix de ne pas int\u00e9grer les<strong> frais d&rsquo;exp\u00e9dition<\/strong> dans le prix des articles que je vous propose. Ils sont donc ajout\u00e9s lors de votre commande. Retrouvez toutes les informations sur <a href=\"https:\/\/leriredelarcenciel.com\/wordpress\/2018\/07\/13\/frais-dexpedition\/\" target=\"_blank\" rel=\"noopener noreferrer\"><strong><em>Frais d&rsquo;exp\u00e9dition<\/em><\/strong><\/a><strong><em>. <\/em><\/strong><\/p>\n<p>Cet article entre dans la cat\u00e9gorie <em>Lettre suivie 250g<\/em>.<\/p>\n<p><strong>******************<\/strong><\/p>\n<p>Besoin d&rsquo;<strong>informations suppl\u00e9mentaires<\/strong> sur ce produit ? Laissez-moi un message<a href=\"https:\/\/leriredelarcenciel.com\/wordpress\/contact-2\/\" target=\"_blank\" rel=\"noopener noreferrer\"><em><strong> ici.<\/strong><\/em><\/a> Je vous r\u00e9pondrai au plus vite.<\/p>\n<p><strong>******************<\/strong><\/p>\n<p>Vous souhaitez <strong>envoyer un cadeau<\/strong> ? Je peux envoyer cet article directement \u00e0 la personne de votre choix avec un emballage cadeau et un message de votre part. Pour cela, lors de votre commande, je vous invite \u00e0 cocher la case \u00ab\u00a0Exp\u00e9dier \u00e0 une personne diff\u00e9rente\u00a0\u00bb et \u00e0 me laisser le texte du message dans la partie \u00ab\u00a0Notes de commande\u00a0\u00bb.<\/p>\n<p><strong>******************<\/strong><\/p>\n<p><strong>Moyens de paiements<\/strong> accept\u00e9s : CB et Paypal<\/p>\n","protected":false},"excerpt":{"rendered":"<p>Tableau brod\u00e9, paysage bucolique, d\u00e9coration nature, broderie traditionnelle, broderie \u00e0 la main, tableau rond sur cercle \u00e0 broder, broderie fine<\/p>\n","protected":false},"featured_media":5499,"template":"","meta":{"jetpack_post_was_ever_published":false},"product_brand":[],"product_cat":[482],"product_tag":[433,516,435,521,529,518],"class_list":{"0":"post-5498","1":"product","2":"type-product","3":"status-publish","4":"has-post-thumbnail","6":"product_cat-tableaux_brodes","7":"product_tag-artisanat-cotes-darmor","8":"product_tag-artisanat-dart","9":"product_tag-artisanat-francais","10":"product_tag-artisanat-tregor","11":"product_tag-broderie-moderne","12":"product_tag-metier-dart","13":"product_shipping_class-ls250","15":"first","16":"instock","17":"shipping-taxable","18":"purchasable","19":"product-type-simple"},"jetpack_sharing_enabled":true,"_links":{"self":[{"href":"https:\/\/leriredelarcenciel.com\/wordpress\/wp-json\/wp\/v2\/product\/5498","targetHints":{"allow":["GET"]}}],"collection":[{"href":"https:\/\/leriredelarcenciel.com\/wordpress\/wp-json\/wp\/v2\/product"}],"about":[{"href":"https:\/\/leriredelarcenciel.com\/wordpress\/wp-json\/wp\/v2\/types\/product"}],"wp:featuredmedia":[{"embeddable":true,"href":"https:\/\/leriredelarcenciel.com\/wordpress\/wp-json\/wp\/v2\/media\/5499"}],"wp:attachment":[{"href":"https:\/\/leriredelarcenciel.com\/wordpress\/wp-json\/wp\/v2\/media?parent=5498"}],"wp:term":[{"taxonomy":"product_brand","embeddable":true,"href":"https:\/\/leriredelarcenciel.com\/wordpress\/wp-json\/wp\/v2\/product_brand?post=5498"},{"taxonomy":"product_cat","embeddable":true,"href":"https:\/\/leriredelarcenciel.com\/wordpress\/wp-json\/wp\/v2\/product_cat?post=5498"},{"taxonomy":"product_tag","embeddable":true,"href":"https:\/\/leriredelarcenciel.com\/wordpress\/wp-json\/wp\/v2\/product_tag?post=5498"}],"curies":[{"name":"wp","href":"https:\/\/api.w.org\/{rel}","templated":true}]}}