{"id":327,"date":"2018-07-13T16:27:40","date_gmt":"2018-07-13T14:27:40","guid":{"rendered":"https:\/\/leriredelarcenciel.com\/wordpress\/?post_type=product&#038;p=327"},"modified":"2025-01-13T11:30:35","modified_gmt":"2025-01-13T10:30:35","slug":"lettre-decorative-w-jaune","status":"publish","type":"product","link":"https:\/\/leriredelarcenciel.com\/wordpress\/produit\/lettre-decorative-w-jaune\/","title":{"rendered":"Lettre d\u00e9corative W jaune"},"content":{"rendered":"<p>Je vous propose un choix de lettres de d\u00e9coration \u00e0 poser, ici un W jaune pour fille. Po\u00e9tique, lumineuse par ses couleurs et enfantine par son style, cette lettre est le cadeau id\u00e9al des petites filles et des adultes \u00e0 l&rsquo;\u00e2me d&rsquo;enfant.<\/p>\n<p>Ce W est recouvert de peinture et de vernis. Il mesure 10 cm de haut. Du sable et des coquillages sont fix\u00e9s \u00e0 sa base. La petite figurine, v\u00eatue d&rsquo;une jupe et d&rsquo;un corsage, est assise tout en haut de la lettre.<\/p>\n<ul>\n<li>Lettre : papier m\u00e2ch\u00e9<\/li>\n<li>Dimensions de la lettre (personnage non compris) : 10 x 8,5 x 3 cm<\/li>\n<\/ul>\n<p>Id\u00e9ale pour d\u00e9corer une chambre d&rsquo;enfant, l&rsquo;entr\u00e9e, le salon&#8230; vous pouvez \u00e9galement fixer la lettre sur une porte ou sur un mur en ajoutant un adh\u00e9sif double face (non fourni) \u00e0 l&rsquo;arri\u00e8re.<br \/>\nA offrir pour une naissance, un anniversaire, un No\u00ebl&#8230; Lettre \u00e0 pr\u00e9senter seule en initiale ou avec d&rsquo;autres lettres pour former un pr\u00e9nom complet ou un mot.<\/p>\n<p>Vous souhaitez une lettre personnalis\u00e9e ?<br \/>\nContactez-moi pour m&rsquo;informer de la lettre choisie, de sa couleur, du personnage (couleur et longueur des cheveux, robe ou pantalon).<br \/>\nPr\u00e9voir 8 jours de d\u00e9lai environ pour sa r\u00e9alisation.<\/p>\n<p><strong>******************<\/strong><\/p>\n<p>Pour plus de transparence, j&rsquo;ai fait le choix de ne pas inclure les <strong>frais d&rsquo;exp\u00e9dition<\/strong> dans le prix des articles que je vous propose. Ils sont donc ajout\u00e9s lors de votre commande. Retrouvez toutes les informations sur <a href=\"https:\/\/leriredelarcenciel.com\/wordpress\/2018\/07\/13\/frais-dexpedition\/\" target=\"_blank\" rel=\"noopener noreferrer\"><strong><em>Frais d&rsquo;exp\u00e9dition<\/em><\/strong><\/a><strong><em>. <\/em><\/strong><\/p>\n<p>Cet article entre dans la cat\u00e9gorie <em>Colissimo 250g<\/em>.<\/p>\n<p><strong>******************<\/strong><\/p>\n<p>Besoin d&rsquo;<strong>informations suppl\u00e9mentaires<\/strong> sur ce produit ? Laissez-moi un message<a href=\"https:\/\/leriredelarcenciel.com\/wordpress\/contact-2\/\" target=\"_blank\" rel=\"noopener noreferrer\"><em><strong> ici.<\/strong><\/em><\/a> Je vous r\u00e9pondrai au plus vite.<\/p>\n<p><strong>******************<\/strong><\/p>\n<p>Vous souhaitez <strong>envoyer un cadeau<\/strong> ? Je peux envoyer cet article directement \u00e0 la personne de votre choix avec un emballage cadeau et un message de votre part. Pour cela, lors de votre commande, je vous invite \u00e0 cocher la case \u00ab\u00a0Exp\u00e9dier \u00e0 une personne diff\u00e9rente\u00a0\u00bb et \u00e0 me laisser le texte du message dans la partie \u00ab\u00a0Notes de commande\u00a0\u00bb.<\/p>\n<p><strong>******************<\/strong><\/p>\n<p><strong>Moyens de paiements<\/strong> accept\u00e9s : CB et Paypal<\/p>\n","protected":false},"excerpt":{"rendered":"<p>Lettre W jaune, d\u00e9coration \u00e0 poser, pr\u00e9nom, cadeau pour fille, lettre papier m\u00e2ch\u00e9 10 cm<\/p>\n","protected":false},"featured_media":332,"template":"","meta":{"jetpack_post_was_ever_published":false},"product_brand":[],"product_cat":[489],"product_tag":[73,75,72,74,76],"class_list":{"0":"post-327","1":"product","2":"type-product","3":"status-publish","4":"has-post-thumbnail","6":"product_cat-lettres_decoratives_avec_petits-personnages","7":"product_tag-cadeau-fille","8":"product_tag-cadeau-personnalise","9":"product_tag-cadeau-poetique","10":"product_tag-lettre-decorative","11":"product_tag-lettre-w-jaune","12":"product_shipping_class-c250","14":"first","15":"instock","16":"shipping-taxable","17":"purchasable","18":"product-type-simple"},"jetpack_sharing_enabled":true,"_links":{"self":[{"href":"https:\/\/leriredelarcenciel.com\/wordpress\/wp-json\/wp\/v2\/product\/327","targetHints":{"allow":["GET"]}}],"collection":[{"href":"https:\/\/leriredelarcenciel.com\/wordpress\/wp-json\/wp\/v2\/product"}],"about":[{"href":"https:\/\/leriredelarcenciel.com\/wordpress\/wp-json\/wp\/v2\/types\/product"}],"wp:featuredmedia":[{"embeddable":true,"href":"https:\/\/leriredelarcenciel.com\/wordpress\/wp-json\/wp\/v2\/media\/332"}],"wp:attachment":[{"href":"https:\/\/leriredelarcenciel.com\/wordpress\/wp-json\/wp\/v2\/media?parent=327"}],"wp:term":[{"taxonomy":"product_brand","embeddable":true,"href":"https:\/\/leriredelarcenciel.com\/wordpress\/wp-json\/wp\/v2\/product_brand?post=327"},{"taxonomy":"product_cat","embeddable":true,"href":"https:\/\/leriredelarcenciel.com\/wordpress\/wp-json\/wp\/v2\/product_cat?post=327"},{"taxonomy":"product_tag","embeddable":true,"href":"https:\/\/leriredelarcenciel.com\/wordpress\/wp-json\/wp\/v2\/product_tag?post=327"}],"curies":[{"name":"wp","href":"https:\/\/api.w.org\/{rel}","templated":true}]}}