{"id":1588,"date":"2018-10-12T14:07:23","date_gmt":"2018-10-12T12:07:23","guid":{"rendered":"https:\/\/leriredelarcenciel.com\/wordpress\/?post_type=product&#038;p=1588"},"modified":"2025-01-13T11:29:21","modified_gmt":"2025-01-13T10:29:21","slug":"lettre-decorative-r-grenat","status":"publish","type":"product","link":"https:\/\/leriredelarcenciel.com\/wordpress\/produit\/lettre-decorative-r-grenat\/","title":{"rendered":"Lettre d\u00e9corative R, grenat"},"content":{"rendered":"<p>Lettre R rouge grenat et vert, petite d\u00e9coration d&rsquo;une hauteur de 10 cm \u00e0 poser partout dans la maison.<br \/>\nQue ce soit pour une naissance, un anniversaire ou encore toute autre occasion pour petits et grands, vous pouvez offrir ce bibelot en initiale de pr\u00e9nom ou choisir plusieurs lettres pour former un mot (MER, AMOUR, SOURIRE&#8230;).<\/p>\n<p>Cette lettre R est en papier m\u00e2ch\u00e9. Puis je l&rsquo;ai recouverte de peinture et de vernis. Sable et coquillages d\u00e9corent le bas de l&rsquo;objet. La petite figurine, fillette en robe est fabriqu\u00e9e \u00e9galement par mes soins. Ce personnage laisse exploser sa joie tout en haut de la lettre, bras en l&rsquo;air et sourire aux l\u00e8vres !<\/p>\n<ul>\n<li>Lettre : papier m\u00e2ch\u00e9<\/li>\n<li>Dimensions de la lettre (personnage non compris) : 10 x 8,5 x 3 cm<\/li>\n<\/ul>\n<p>Vous souhaitez une lettre personnalis\u00e9e ?<br \/>\nContactez-moi pour m&rsquo;informer de la lettre choisie, de sa couleur, du personnage d\u00e9sir\u00e9 (couleur et longueur des cheveux, robe ou pantalon).<br \/>\nPr\u00e9voir 8 jours de d\u00e9lai environ pour sa r\u00e9alisation.<\/p>\n<p><strong>******************<\/strong><\/p>\n<p>Pour plus de transparence, j&rsquo;ai fait le choix de ne pas inclure les <strong>frais d&rsquo;exp\u00e9dition<\/strong> dans le prix des articles que je vous propose. Ils sont donc ajout\u00e9s lors de votre commande. Retrouvez toutes les informations sur <a href=\"https:\/\/leriredelarcenciel.com\/wordpress\/2018\/07\/13\/frais-dexpedition\/\" target=\"_blank\" rel=\"noopener noreferrer\"><strong><em>Frais d&rsquo;exp\u00e9dition<\/em><\/strong><\/a><strong><em>. <\/em><\/strong><\/p>\n<p>Cet article entre dans la cat\u00e9gorie <em>Colissimo 250g<\/em>.<\/p>\n<p><strong>******************<\/strong><\/p>\n<p>Besoin d&rsquo;<strong>informations suppl\u00e9mentaires<\/strong> sur ce produit ? Laissez-moi un message<a href=\"https:\/\/leriredelarcenciel.com\/wordpress\/contact-2\/\" target=\"_blank\" rel=\"noopener noreferrer\"><em><strong> ici.<\/strong><\/em><\/a> Je vous r\u00e9pondrai au plus vite.<\/p>\n<p><strong>******************<\/strong><\/p>\n<p>Vous souhaitez <strong>envoyer un cadeau<\/strong> ? Je peux envoyer cet article directement \u00e0 la personne de votre choix avec un emballage cadeau et un message de votre part. Pour cela, lors de votre commande, je vous invite \u00e0 cocher la case \u00ab\u00a0Exp\u00e9dier \u00e0 une personne diff\u00e9rente\u00a0\u00bb et \u00e0 me laisser le texte du message dans la partie \u00ab\u00a0Notes de commande\u00a0\u00bb.<\/p>\n<p><strong>******************<\/strong><\/p>\n<p><strong>Moyens de paiements<\/strong> accept\u00e9s : CB et Paypal<\/p>\n","protected":false},"excerpt":{"rendered":"<p>Lettre R rouge grenat, lettre d\u00e9corative pour chambre enfant, cadeau pour fille, lettre R 10 cm<\/p>\n","protected":false},"featured_media":1592,"template":"","meta":{"jetpack_post_was_ever_published":false},"product_brand":[],"product_cat":[489],"product_tag":[130,249,195,190,194],"class_list":{"0":"post-1588","1":"product","2":"type-product","3":"status-publish","4":"has-post-thumbnail","6":"product_cat-lettres_decoratives_avec_petits-personnages","7":"product_tag-lettre-10-cm","8":"product_tag-lettre-decoree","9":"product_tag-lettre-originale","10":"product_tag-lettre-prenom","11":"product_tag-lettre-relief","12":"product_shipping_class-c250","14":"first","15":"instock","16":"shipping-taxable","17":"purchasable","18":"product-type-simple"},"jetpack_sharing_enabled":true,"_links":{"self":[{"href":"https:\/\/leriredelarcenciel.com\/wordpress\/wp-json\/wp\/v2\/product\/1588","targetHints":{"allow":["GET"]}}],"collection":[{"href":"https:\/\/leriredelarcenciel.com\/wordpress\/wp-json\/wp\/v2\/product"}],"about":[{"href":"https:\/\/leriredelarcenciel.com\/wordpress\/wp-json\/wp\/v2\/types\/product"}],"wp:featuredmedia":[{"embeddable":true,"href":"https:\/\/leriredelarcenciel.com\/wordpress\/wp-json\/wp\/v2\/media\/1592"}],"wp:attachment":[{"href":"https:\/\/leriredelarcenciel.com\/wordpress\/wp-json\/wp\/v2\/media?parent=1588"}],"wp:term":[{"taxonomy":"product_brand","embeddable":true,"href":"https:\/\/leriredelarcenciel.com\/wordpress\/wp-json\/wp\/v2\/product_brand?post=1588"},{"taxonomy":"product_cat","embeddable":true,"href":"https:\/\/leriredelarcenciel.com\/wordpress\/wp-json\/wp\/v2\/product_cat?post=1588"},{"taxonomy":"product_tag","embeddable":true,"href":"https:\/\/leriredelarcenciel.com\/wordpress\/wp-json\/wp\/v2\/product_tag?post=1588"}],"curies":[{"name":"wp","href":"https:\/\/api.w.org\/{rel}","templated":true}]}}