{"id":1377,"date":"2018-10-08T17:40:22","date_gmt":"2018-10-08T15:40:22","guid":{"rendered":"https:\/\/leriredelarcenciel.com\/wordpress\/?post_type=product&#038;p=1377"},"modified":"2025-01-13T11:30:04","modified_gmt":"2025-01-13T10:30:04","slug":"lettre-decorative-c-ocre","status":"publish","type":"product","link":"https:\/\/leriredelarcenciel.com\/wordpress\/produit\/lettre-decorative-c-ocre\/","title":{"rendered":"Lettre d\u00e9corative C, ocre"},"content":{"rendered":"<p>Lettre C ocre d\u00e9corative \u00e0 poser sur une \u00e9tag\u00e8re, dans une chambre, au salon ou encore dans l&rsquo;entr\u00e9e. Lettre \u00e0 pr\u00e9senter seule en initiale ou avec d&rsquo;autres lettres pour former un pr\u00e9nom complet ou un mot.<br \/>\nA l&rsquo;occasion d&rsquo;un anniversaire, d&rsquo;une naissance, des f\u00eates de fin d&rsquo;ann\u00e9e&#8230; voici un cadeau original et unique \u00e0 offrir.<\/p>\n<p>Cette lettre C est r\u00e9alis\u00e9e dans les coloris ocre et rouge, avec une touche de dor\u00e9. Elle mesure 10 cm de haut.<br \/>\nElle est en papier m\u00e2ch\u00e9. Puis je l&rsquo;ai recouverte de peinture et de vernis. Du sable et des coquillages garnissent la base. Une figurine, petit personnage de 6 cm v\u00eatu d&rsquo;une jupe et d&rsquo;un corsage, compl\u00e8te le d\u00e9cor.<\/p>\n<p>Id\u00e9e : vous pouvez \u00e9galement d\u00e9corer la porte d&rsquo;une chambre ou un mur avec les lettres d\u00e9coratives Le rire de l&rsquo;arc-en-ciel. Il vous suffit d&rsquo;ajouter un adh\u00e9sif double face (non fourni) \u00e0 l&rsquo;arri\u00e8re. Les lettres \u00e9tant l\u00e9g\u00e8res, elles se maintiendront sans probl\u00e8me.<\/p>\n<ul>\n<li>Lettre : papier m\u00e2ch\u00e9<\/li>\n<li>Dimensions de la lettre (personnage non compris) : 10 x 8,5 x 3 cm<\/li>\n<\/ul>\n<p>Vous souhaitez une lettre personnalis\u00e9e ?<br \/>\nContactez-moi pour m&rsquo;informer de la lettre choisie, de sa couleur, du personnage d\u00e9sir\u00e9 (couleur et longueur des cheveux, robe ou pantalon).<br \/>\nPr\u00e9voir 8 jours de d\u00e9lai environ pour sa r\u00e9alisation.<\/p>\n<p><strong>******************<\/strong><\/p>\n<p>Pour plus de transparence, j&rsquo;ai fait le choix de ne pas inclure les <strong>frais d&rsquo;exp\u00e9dition<\/strong> dans le prix des articles que je vous propose. Ils sont donc ajout\u00e9s lors de votre commande. Retrouvez toutes les informations sur <a href=\"https:\/\/leriredelarcenciel.com\/wordpress\/2018\/07\/13\/frais-dexpedition\/\" target=\"_blank\" rel=\"noopener noreferrer\"><strong><em>Frais d&rsquo;exp\u00e9dition<\/em><\/strong><\/a><strong><em>. <\/em><\/strong><\/p>\n<p>Cet article entre dans la cat\u00e9gorie <em>Colissimo 250g<\/em>.<\/p>\n<p><strong>******************<\/strong><\/p>\n<p>Besoin d&rsquo;<strong>informations suppl\u00e9mentaires<\/strong> sur ce produit ? Laissez-moi un message<a href=\"https:\/\/leriredelarcenciel.com\/wordpress\/contact-2\/\" target=\"_blank\" rel=\"noopener noreferrer\"><em><strong> ici.<\/strong><\/em><\/a> Je vous r\u00e9pondrai au plus vite.<\/p>\n<p><strong>******************<\/strong><\/p>\n<p>Vous souhaitez <strong>envoyer un cadeau<\/strong> ? Je peux envoyer cet article directement \u00e0 la personne de votre choix avec un emballage cadeau et un message de votre part. Pour cela, lors de votre commande, je vous invite \u00e0 cocher la case \u00ab\u00a0Exp\u00e9dier \u00e0 une personne diff\u00e9rente\u00a0\u00bb et \u00e0 me laisser le texte du message dans la partie \u00ab\u00a0Notes de commande\u00a0\u00bb.<\/p>\n<p><strong>******************<\/strong><\/p>\n<p><strong>Moyens de paiements<\/strong> accept\u00e9s : CB et Paypal<\/p>\n","protected":false},"excerpt":{"rendered":"<p>D\u00e9coration lettre C, d\u00e9coration \u00e0 poser, C ocre, pr\u00e9nom initiale, lettre 10 cm<\/p>\n","protected":false},"featured_media":1381,"template":"","meta":{"jetpack_post_was_ever_published":false},"product_brand":[],"product_cat":[489],"product_tag":[125,124,123,275,74],"class_list":{"0":"post-1377","1":"product","2":"type-product","3":"status-publish","4":"has-post-thumbnail","6":"product_cat-lettres_decoratives_avec_petits-personnages","7":"product_tag-cadeau-garcon","8":"product_tag-cadeau-naissance","9":"product_tag-lettre-bibelot","10":"product_tag-lettre-c","11":"product_tag-lettre-decorative","12":"product_shipping_class-c250","14":"first","15":"instock","16":"shipping-taxable","17":"purchasable","18":"product-type-simple"},"jetpack_sharing_enabled":true,"_links":{"self":[{"href":"https:\/\/leriredelarcenciel.com\/wordpress\/wp-json\/wp\/v2\/product\/1377","targetHints":{"allow":["GET"]}}],"collection":[{"href":"https:\/\/leriredelarcenciel.com\/wordpress\/wp-json\/wp\/v2\/product"}],"about":[{"href":"https:\/\/leriredelarcenciel.com\/wordpress\/wp-json\/wp\/v2\/types\/product"}],"wp:featuredmedia":[{"embeddable":true,"href":"https:\/\/leriredelarcenciel.com\/wordpress\/wp-json\/wp\/v2\/media\/1381"}],"wp:attachment":[{"href":"https:\/\/leriredelarcenciel.com\/wordpress\/wp-json\/wp\/v2\/media?parent=1377"}],"wp:term":[{"taxonomy":"product_brand","embeddable":true,"href":"https:\/\/leriredelarcenciel.com\/wordpress\/wp-json\/wp\/v2\/product_brand?post=1377"},{"taxonomy":"product_cat","embeddable":true,"href":"https:\/\/leriredelarcenciel.com\/wordpress\/wp-json\/wp\/v2\/product_cat?post=1377"},{"taxonomy":"product_tag","embeddable":true,"href":"https:\/\/leriredelarcenciel.com\/wordpress\/wp-json\/wp\/v2\/product_tag?post=1377"}],"curies":[{"name":"wp","href":"https:\/\/api.w.org\/{rel}","templated":true}]}}