{"id":1362,"date":"2018-10-08T17:25:11","date_gmt":"2018-10-08T15:25:11","guid":{"rendered":"https:\/\/leriredelarcenciel.com\/wordpress\/?post_type=product&#038;p=1362"},"modified":"2025-01-13T11:30:04","modified_gmt":"2025-01-13T10:30:04","slug":"lettre-decorative-g-rose","status":"publish","type":"product","link":"https:\/\/leriredelarcenciel.com\/wordpress\/produit\/lettre-decorative-g-rose\/","title":{"rendered":"Lettre d\u00e9corative G, rose"},"content":{"rendered":"<p>Objet d\u00e9co original avec cette lettre G rose de 10 cm et son petit personnage en robe qui vous interpelle avec le sourire. Sable et coquillages viennent d\u00e9corer le bas de la lettre. Quelques touches de bleu s&rsquo;ajoute au rose de la lettre.<br \/>\nCadeau id\u00e9al \u00e0 offrir pour une naissance, un anniversaire, les f\u00eates de fin d&rsquo;ann\u00e9e, pour d\u00e9corer une chambre de fille et m\u00eame pour tous les adultes rest\u00e9s de grands enfants ! Ces lettres peuvent se poser partout et apporteront une touche color\u00e9e et gaie dans la maison. Vous pouvez voir quelques id\u00e9es de pr\u00e9sentation sur la derni\u00e8re photo.<\/p>\n<p>D\u00e9coration de la lettre : peinture, vernis, sable, coquillages et petit personnage fait-main \u00e9galement.<\/p>\n<ul>\n<li>Lettre : papier m\u00e2ch\u00e9<\/li>\n<li>Dimensions de la lettre (personnage non compris) : 10 x 9 x 3 cm<\/li>\n<\/ul>\n<p>Vous souhaitez une lettre personnalis\u00e9e ?<br \/>\nContactez-moi pour m&rsquo;informer de la lettre choisie, de sa couleur, du personnage d\u00e9sir\u00e9 (couleur et longueur des cheveux, robe ou pantalon).<br \/>\nPr\u00e9voir 8 jours de d\u00e9lai environ pour sa r\u00e9alisation.<\/p>\n<p><strong>******************<\/strong><\/p>\n<p>Pour plus de transparence, j&rsquo;ai fait le choix de ne pas inclure les <strong>frais d&rsquo;exp\u00e9dition<\/strong> dans le prix des articles que je vous propose. Ils sont donc ajout\u00e9s lors de votre commande. Retrouvez toutes les informations sur <a href=\"https:\/\/leriredelarcenciel.com\/wordpress\/2018\/07\/13\/frais-dexpedition\/\" target=\"_blank\" rel=\"noopener noreferrer\"><strong><em>Frais d&rsquo;exp\u00e9dition<\/em><\/strong><\/a><strong><em>. <\/em><\/strong><\/p>\n<p>Cet article entre dans la cat\u00e9gorie <em>Colissimo 250g<\/em>.<\/p>\n<p><strong>******************<\/strong><\/p>\n<p>Besoin d&rsquo;<strong>informations suppl\u00e9mentaires<\/strong> sur ce produit ? Laissez-moi un message<a href=\"https:\/\/leriredelarcenciel.com\/wordpress\/contact-2\/\" target=\"_blank\" rel=\"noopener noreferrer\"><em><strong> ici.<\/strong><\/em><\/a> Je vous r\u00e9pondrai au plus vite.<\/p>\n<p><strong>******************<\/strong><\/p>\n<p>Vous souhaitez <strong>envoyer un cadeau<\/strong> ? Je peux envoyer cet article directement \u00e0 la personne de votre choix avec un emballage cadeau et un message de votre part. Pour cela, lors de votre commande, je vous invite \u00e0 cocher la case \u00ab\u00a0Exp\u00e9dier \u00e0 une personne diff\u00e9rente\u00a0\u00bb et \u00e0 me laisser le texte du message dans la partie \u00ab\u00a0Notes de commande\u00a0\u00bb.<\/p>\n<p><strong>******************<\/strong><\/p>\n<p><strong>Moyens de paiements<\/strong> accept\u00e9s : CB et Paypal<\/p>\n","protected":false},"excerpt":{"rendered":"<p>Lettre G rose, lettre G 10 cm, d\u00e9coration pour fille, initiale pr\u00e9nom \u00e0 poser, lettre d\u00e9corative Le rire de l&rsquo;arc-en-ciel<\/p>\n","protected":false},"featured_media":1366,"template":"","meta":{"jetpack_post_was_ever_published":false},"product_brand":[],"product_cat":[489],"product_tag":[207,130,209,195,190],"class_list":{"0":"post-1362","1":"product","2":"type-product","3":"status-publish","4":"has-post-thumbnail","6":"product_cat-lettres_decoratives_avec_petits-personnages","7":"product_tag-cadeau-original-naissance","8":"product_tag-lettre-10-cm","9":"product_tag-lettre-a-poser","10":"product_tag-lettre-originale","11":"product_tag-lettre-prenom","12":"product_shipping_class-c250","14":"first","15":"instock","16":"shipping-taxable","17":"purchasable","18":"product-type-simple"},"jetpack_sharing_enabled":true,"_links":{"self":[{"href":"https:\/\/leriredelarcenciel.com\/wordpress\/wp-json\/wp\/v2\/product\/1362","targetHints":{"allow":["GET"]}}],"collection":[{"href":"https:\/\/leriredelarcenciel.com\/wordpress\/wp-json\/wp\/v2\/product"}],"about":[{"href":"https:\/\/leriredelarcenciel.com\/wordpress\/wp-json\/wp\/v2\/types\/product"}],"wp:featuredmedia":[{"embeddable":true,"href":"https:\/\/leriredelarcenciel.com\/wordpress\/wp-json\/wp\/v2\/media\/1366"}],"wp:attachment":[{"href":"https:\/\/leriredelarcenciel.com\/wordpress\/wp-json\/wp\/v2\/media?parent=1362"}],"wp:term":[{"taxonomy":"product_brand","embeddable":true,"href":"https:\/\/leriredelarcenciel.com\/wordpress\/wp-json\/wp\/v2\/product_brand?post=1362"},{"taxonomy":"product_cat","embeddable":true,"href":"https:\/\/leriredelarcenciel.com\/wordpress\/wp-json\/wp\/v2\/product_cat?post=1362"},{"taxonomy":"product_tag","embeddable":true,"href":"https:\/\/leriredelarcenciel.com\/wordpress\/wp-json\/wp\/v2\/product_tag?post=1362"}],"curies":[{"name":"wp","href":"https:\/\/api.w.org\/{rel}","templated":true}]}}