{"id":11450,"date":"2026-02-25T17:12:02","date_gmt":"2026-02-25T16:12:02","guid":{"rendered":"https:\/\/leriredelarcenciel.com\/wordpress\/?post_type=product&#038;p=11450"},"modified":"2026-02-25T17:14:36","modified_gmt":"2026-02-25T16:14:36","slug":"tableau-hublot-broderie-sur-peinture-campagne-au-printemps-165-cm","status":"publish","type":"product","link":"https:\/\/leriredelarcenciel.com\/wordpress\/produit\/tableau-hublot-broderie-sur-peinture-campagne-au-printemps-165-cm\/","title":{"rendered":"Tableau hublot broderie sur peinture, campagne au printemps 16,5 cm"},"content":{"rendered":"<p>Un air printanier avec cette campagne fleurie en bleu, quoi de mieux pour attendre les beaux jours ?<\/p>\n<p>Cette d\u00e9coration murale est faite d\u2019une toile mont\u00e9e sur un tambour \u00e0 broder. Elle a un diam\u00e8tre de 16,5 cm. La toile tendue sur le tambour est en lin. Je l\u2019ai peinte puis j\u2019ai brod\u00e9 le motif \u00e0 la main. Plusieurs heures d\u2019un travail minutieux ont \u00e9t\u00e9 n\u00e9cessaires pour r\u00e9aliser ce tableau.<\/p>\n<p>Cr\u00e9ation originale et unique.<\/p>\n<ul>\n<li>Dimensions : diam\u00e8tre 16,5 cm<\/li>\n<li>Tissu 100% lin<\/li>\n<li>Fil \u00e0 broder 100% coton<\/li>\n<li>Tambour \u00e0 broder en h\u00eatre provenant de for\u00eats labellis\u00e9es FSC. Il sert de cadre au tableau.<\/li>\n<\/ul>\n<p><strong>******************<\/strong><\/p>\n<p>Pour plus de transparence, j&rsquo;ai fait le choix de ne pas int\u00e9grer les <strong>frais d&rsquo;exp\u00e9dition<\/strong> dans le prix des articles que je vous propose. Ils sont donc ajout\u00e9s lors de votre commande. Retrouvez toutes les informations sur <a href=\"https:\/\/leriredelarcenciel.com\/wordpress\/2018\/07\/13\/frais-dexpedition\/\" target=\"_blank\" rel=\"noopener noreferrer\"><strong><em>Frais d&rsquo;exp\u00e9dition<\/em><\/strong><\/a><strong><em>. <\/em><\/strong><\/p>\n<p>Ce produit entre dans la cat\u00e9gorie <em>Lettre suivie 250g<\/em>.<\/p>\n<p><strong>******************<\/strong><\/p>\n<p>Besoin d&rsquo;<strong>informations suppl\u00e9mentaires<\/strong> sur ce produit ? Laissez-moi un message<a href=\"https:\/\/leriredelarcenciel.com\/wordpress\/contact-2\/\" target=\"_blank\" rel=\"noopener noreferrer\"><em><strong> ici.<\/strong><\/em><\/a> Je vous r\u00e9pondrai au plus vite.<\/p>\n<p><strong>******************<\/strong><\/p>\n<p>Vous souhaitez <strong>envoyer un cadeau<\/strong> ? Je peux envoyer cet article directement \u00e0 la personne de votre choix avec un emballage cadeau et un message de votre part. Pour cela, lors de votre commande, je vous invite \u00e0 cocher la case \u00ab\u00a0Exp\u00e9dier \u00e0 une personne diff\u00e9rente\u00a0\u00bb et \u00e0 me laisser le texte du message dans la partie \u00ab\u00a0Notes de commande\u00a0\u00bb.<\/p>\n<p><strong>******************<\/strong><\/p>\n<p><strong>Moyens de paiements<\/strong> accept\u00e9s : CB et Paypal<\/p>\n","protected":false},"excerpt":{"rendered":"<p>Tableau rond en peinture et broderie fine \u00e0 l\u2019aiguille, d\u00e9coration nature pr\u00e9sent\u00e9e sur toile entour\u00e9e d\u2019un tambour \u00e0 broder<\/p>\n","protected":false},"featured_media":11451,"template":"","meta":{"jetpack_post_was_ever_published":false},"product_brand":[],"product_cat":[482],"product_tag":[516,528,525,36,196,35,335,33],"class_list":{"0":"post-11450","1":"product","2":"type-product","3":"status-publish","4":"has-post-thumbnail","6":"product_cat-tableaux_brodes","7":"product_tag-artisanat-dart","8":"product_tag-broderie-a-la-main","9":"product_tag-broderie-bretagne","10":"product_tag-broderie-nature","11":"product_tag-broderie-sur-tambour","12":"product_tag-decoration-murale","13":"product_tag-fabrique-en-france","14":"product_tag-tableaux-brodes","15":"product_shipping_class-ls250","17":"first","18":"instock","19":"shipping-taxable","20":"purchasable","21":"product-type-simple"},"jetpack_sharing_enabled":true,"_links":{"self":[{"href":"https:\/\/leriredelarcenciel.com\/wordpress\/wp-json\/wp\/v2\/product\/11450","targetHints":{"allow":["GET"]}}],"collection":[{"href":"https:\/\/leriredelarcenciel.com\/wordpress\/wp-json\/wp\/v2\/product"}],"about":[{"href":"https:\/\/leriredelarcenciel.com\/wordpress\/wp-json\/wp\/v2\/types\/product"}],"wp:featuredmedia":[{"embeddable":true,"href":"https:\/\/leriredelarcenciel.com\/wordpress\/wp-json\/wp\/v2\/media\/11451"}],"wp:attachment":[{"href":"https:\/\/leriredelarcenciel.com\/wordpress\/wp-json\/wp\/v2\/media?parent=11450"}],"wp:term":[{"taxonomy":"product_brand","embeddable":true,"href":"https:\/\/leriredelarcenciel.com\/wordpress\/wp-json\/wp\/v2\/product_brand?post=11450"},{"taxonomy":"product_cat","embeddable":true,"href":"https:\/\/leriredelarcenciel.com\/wordpress\/wp-json\/wp\/v2\/product_cat?post=11450"},{"taxonomy":"product_tag","embeddable":true,"href":"https:\/\/leriredelarcenciel.com\/wordpress\/wp-json\/wp\/v2\/product_tag?post=11450"}],"curies":[{"name":"wp","href":"https:\/\/api.w.org\/{rel}","templated":true}]}}