{"id":10946,"date":"2025-09-09T15:33:12","date_gmt":"2025-09-09T13:33:12","guid":{"rendered":"https:\/\/leriredelarcenciel.com\/wordpress\/?post_type=product&#038;p=10946"},"modified":"2026-01-23T11:55:14","modified_gmt":"2026-01-23T10:55:14","slug":"bracelet-textile-lin-corail-et-argent-broderie-liane-fleurie-48","status":"publish","type":"product","link":"https:\/\/leriredelarcenciel.com\/wordpress\/produit\/bracelet-textile-lin-corail-et-argent-broderie-liane-fleurie-48\/","title":{"rendered":"Bracelet textile lin corail et argent, broderie liane fleurie 48"},"content":{"rendered":"<p>Ce bracelet brod\u00e9 est en lin couleur corail. La broderie fine qui court sur toute sa longueur a \u00e9t\u00e9 r\u00e9alis\u00e9e \u00e0 la main. Elle repr\u00e9sente une liane fleurie. Les extr\u00e9mit\u00e9s du bijou sont en argent. Une cha\u00eenette permet de r\u00e9gler la taille du bracelet pour qu\u2019il s\u2019adapte \u00e0 votre poignet.<\/p>\n<p>L&rsquo;avant derni\u00e8re photo vous donne une id\u00e9e de l&rsquo;effet de ce style de bracelet port\u00e9. La derni\u00e8re photo vous montre en d\u00e9tail le syst\u00e8me de fermeture et la cha\u00eenette de r\u00e9glage.<\/p>\n<ul>\n<li>Longueur bracelet : de 16 \u00e0 20 cm. Il m&rsquo;est possible de r\u00e9aliser un bracelet d&rsquo;une autre longueur sur demande (voir \u00ab\u00a0Besoin d&rsquo;informations\u00a0\u00bb ci-dessous)<\/li>\n<li>Largeur bracelet : 1 cm<\/li>\n<li>Mati\u00e8re des extr\u00e9mit\u00e9s : argent 925 massif, anti-allergique (sans nickel)<\/li>\n<li>Fermoir ressort<\/li>\n<li>Tissu : lin<\/li>\n<li>Fil \u00e0 broder : coton<\/li>\n<\/ul>\n<p>Pour l&rsquo;entretien du bracelet, je vous recommande de le frotter \u00e0 plat entre vos mains, avec de l&rsquo;eau et un d\u00e9tergent doux.<\/p>\n<p>Je con\u00e7ois et r\u00e9alise chaque mod\u00e8le de broderie pr\u00e9sent\u00e9 dans ma boutique. Chaque mod\u00e8le est unique.<\/p>\n<p><strong>******************<\/strong><\/p>\n<p>Pour plus de transparence, j&rsquo;ai fait le choix de ne pas inclure les <strong>frais d&rsquo;exp\u00e9dition<\/strong> dans le prix des articles que je vous propose. Ils sont donc ajout\u00e9s lors de votre commande. Retrouvez toutes les informations sur <a href=\"https:\/\/leriredelarcenciel.com\/wordpress\/2018\/07\/13\/frais-dexpedition\/\" target=\"_blank\" rel=\"noopener noreferrer\"><strong><em>Frais d&rsquo;exp\u00e9dition<\/em><\/strong><\/a><strong><em>. <\/em><\/strong><\/p>\n<p>Cet article entre dans la cat\u00e9gorie <em>Lettre suivie 100g<\/em>.<\/p>\n<p><strong>******************<\/strong><\/p>\n<p>Besoin d&rsquo;<strong>informations suppl\u00e9mentaires<\/strong> sur ce produit ? Laissez-moi un message<a href=\"https:\/\/leriredelarcenciel.com\/wordpress\/contact-2\/\" target=\"_blank\" rel=\"noopener noreferrer\"><em><strong> ici.<\/strong><\/em><\/a> Je vous r\u00e9pondrai au plus vite.<\/p>\n<p><strong>******************<\/strong><\/p>\n<p>Vous souhaitez <strong>envoyer un cadeau<\/strong> ? Je peux envoyer cet article directement \u00e0 la personne de votre choix avec un emballage cadeau et un message de votre part. Pour cela, lors de votre commande, je vous invite \u00e0 cocher la case \u00ab\u00a0Exp\u00e9dier \u00e0 une personne diff\u00e9rente\u00a0\u00bb et \u00e0 me laisser le texte du message dans la partie \u00ab\u00a0Notes de commande\u00a0\u00bb.<\/p>\n<p><strong>******************<\/strong><\/p>\n<p><strong>Moyens de paiements<\/strong> accept\u00e9s : CB et Paypal<\/p>\n","protected":false},"excerpt":{"rendered":"<p>Bracelet en tissu lin et argent, bijou artisanal pour femme, broderie \u00e0 la main<\/p>\n","protected":false},"featured_media":10947,"template":"","meta":{"jetpack_post_was_ever_published":false},"product_brand":[],"product_cat":[541],"product_tag":[516,531,434,423,296,532,499,164,542,464],"class_list":{"0":"post-10946","1":"product","2":"type-product","3":"status-publish","4":"has-post-thumbnail","6":"product_cat-bracelets","7":"product_tag-artisanat-dart","8":"product_tag-artisanat-local-ile-grande","9":"product_tag-artisanat-pleumeur-bodou","10":"product_tag-bijou-unique","11":"product_tag-bijoux-boheme","12":"product_tag-bijoux-colores","13":"product_tag-broderie-a-laiguille","14":"product_tag-broderie-fine","15":"product_tag-creation-francaise","16":"product_tag-le-rire-de-larc-en-ciel","17":"product_shipping_class-ls100","19":"first","20":"instock","21":"shipping-taxable","22":"purchasable","23":"product-type-simple"},"jetpack_sharing_enabled":true,"_links":{"self":[{"href":"https:\/\/leriredelarcenciel.com\/wordpress\/wp-json\/wp\/v2\/product\/10946","targetHints":{"allow":["GET"]}}],"collection":[{"href":"https:\/\/leriredelarcenciel.com\/wordpress\/wp-json\/wp\/v2\/product"}],"about":[{"href":"https:\/\/leriredelarcenciel.com\/wordpress\/wp-json\/wp\/v2\/types\/product"}],"wp:featuredmedia":[{"embeddable":true,"href":"https:\/\/leriredelarcenciel.com\/wordpress\/wp-json\/wp\/v2\/media\/10947"}],"wp:attachment":[{"href":"https:\/\/leriredelarcenciel.com\/wordpress\/wp-json\/wp\/v2\/media?parent=10946"}],"wp:term":[{"taxonomy":"product_brand","embeddable":true,"href":"https:\/\/leriredelarcenciel.com\/wordpress\/wp-json\/wp\/v2\/product_brand?post=10946"},{"taxonomy":"product_cat","embeddable":true,"href":"https:\/\/leriredelarcenciel.com\/wordpress\/wp-json\/wp\/v2\/product_cat?post=10946"},{"taxonomy":"product_tag","embeddable":true,"href":"https:\/\/leriredelarcenciel.com\/wordpress\/wp-json\/wp\/v2\/product_tag?post=10946"}],"curies":[{"name":"wp","href":"https:\/\/api.w.org\/{rel}","templated":true}]}}