{"id":10896,"date":"2025-09-09T14:00:30","date_gmt":"2025-09-09T12:00:30","guid":{"rendered":"https:\/\/leriredelarcenciel.com\/wordpress\/?post_type=product&#038;p=10896"},"modified":"2026-01-23T11:53:00","modified_gmt":"2026-01-23T10:53:00","slug":"boucles-doreilles-textile-brode-fleur-jaune-sur-lin-bleu-celadon-2","status":"publish","type":"product","link":"https:\/\/leriredelarcenciel.com\/wordpress\/produit\/boucles-doreilles-textile-brode-fleur-jaune-sur-lin-bleu-celadon-2\/","title":{"rendered":"Boucles d&rsquo;oreilles textile brod\u00e9 fleur jaune sur lin bleu c\u00e9ladon"},"content":{"rendered":"<p>Boucles d&rsquo;oreilles fleuries, pour emporter un brin de nature avec soi tout au long de la journ\u00e9e. Les fleurs sont brod\u00e9es finement \u00e0 la main sur un tissu en lin bleu c\u00e9ladon. Les boucles sont mont\u00e9es sur des clous en argent.<\/p>\n<p>Attentive \u00e0 votre confort, j&rsquo;ai r\u00e9alis\u00e9 des boucles d&rsquo;oreilles ultra l\u00e9g\u00e8res et anti-allergiques.<\/p>\n<ul>\n<li>Mod\u00e8le pour oreilles perc\u00e9es<\/li>\n<li>Clous pour oreilles, anneaux et extr\u00e9mit\u00e9s des tubes : argent 925 massif, sans nickel<\/li>\n<li>Le tissu est en 100% lin<\/li>\n<li>Les fils \u00e0 broder sont en 100% coton.<\/li>\n<li>Longueur totale : 3,5 cm environ<\/li>\n<li>Poids d&rsquo;une boucle : 1 g<\/li>\n<\/ul>\n<p>Pour l&rsquo;entretien des tubes brod\u00e9s, je vous recommande de les frotter \u00e0 plat entre vos mains, avec de l&rsquo;eau chaude et un d\u00e9tergent doux.<\/p>\n<p>Je con\u00e7ois et r\u00e9alise chaque mod\u00e8le de broderie pr\u00e9sent\u00e9 dans ma boutique. Chaque mod\u00e8le est unique.<\/p>\n<p><strong>******************<\/strong><\/p>\n<p>Pour plus de transparence, j&rsquo;ai fait le choix de ne pas inclure les <strong>frais d&rsquo;exp\u00e9dition<\/strong> dans le prix des articles que je vous propose. Ils sont donc ajout\u00e9s lors de votre commande. Retrouvez toutes les informations sur <a href=\"https:\/\/leriredelarcenciel.com\/wordpress\/2018\/07\/13\/frais-dexpedition\/\" target=\"_blank\" rel=\"noopener noreferrer\"><strong><em>Frais d&rsquo;exp\u00e9dition<\/em><\/strong><\/a><strong><em>. <\/em><\/strong><\/p>\n<p>Cet article entre dans la cat\u00e9gorie <em>Lettre suivie 20g<\/em>.<\/p>\n<p><strong>******************<\/strong><\/p>\n<p>Besoin d&rsquo;<strong>informations suppl\u00e9mentaires<\/strong> sur ce produit ? Laissez-moi un message<a href=\"https:\/\/leriredelarcenciel.com\/wordpress\/contact-2\/\" target=\"_blank\" rel=\"noopener noreferrer\"><em><strong> ici.<\/strong><\/em><\/a> Je vous r\u00e9pondrai au plus vite.<\/p>\n<p><strong>******************<\/strong><\/p>\n<p>Vous souhaitez <strong>envoyer un cadeau<\/strong> ? Je peux envoyer cet article directement \u00e0 la personne de votre choix avec un emballage cadeau et un message de votre part. Pour cela, lors de votre commande, je vous invite \u00e0 cocher la case \u00ab\u00a0Exp\u00e9dier \u00e0 une personne diff\u00e9rente\u00a0\u00bb et \u00e0 me laisser le texte du message dans la partie \u00ab\u00a0Notes de commande\u00a0\u00bb.<\/p>\n<p><strong>******************<\/strong><\/p>\n<p><strong>Moyens de paiements<\/strong> accept\u00e9s : CB et Paypal<\/p>\n","protected":false},"excerpt":{"rendered":"<p>Bijoux brod\u00e9s textile, boucles d&rsquo;oreilles pendantes argent, bijou artisanal pour femme, broderie \u00e0 la main<\/p>\n","protected":false},"featured_media":10892,"template":"","meta":{"jetpack_post_was_ever_published":false},"product_brand":[],"product_cat":[485],"product_tag":[516,444,445,108,110,499,36],"class_list":{"0":"post-10896","1":"product","2":"type-product","3":"status-publish","4":"has-post-thumbnail","6":"product_cat-boucles_d_oreilles_brodees","7":"product_tag-artisanat-dart","8":"product_tag-bijoux-artisanaux","9":"product_tag-bijoux-fabrication-francaise","10":"product_tag-boucles-doreilles-argent","11":"product_tag-boucles-doreilles-brodees","12":"product_tag-broderie-a-laiguille","13":"product_tag-broderie-nature","14":"product_shipping_class-ls20","16":"first","17":"instock","18":"shipping-taxable","19":"purchasable","20":"product-type-simple"},"jetpack_sharing_enabled":true,"_links":{"self":[{"href":"https:\/\/leriredelarcenciel.com\/wordpress\/wp-json\/wp\/v2\/product\/10896","targetHints":{"allow":["GET"]}}],"collection":[{"href":"https:\/\/leriredelarcenciel.com\/wordpress\/wp-json\/wp\/v2\/product"}],"about":[{"href":"https:\/\/leriredelarcenciel.com\/wordpress\/wp-json\/wp\/v2\/types\/product"}],"wp:featuredmedia":[{"embeddable":true,"href":"https:\/\/leriredelarcenciel.com\/wordpress\/wp-json\/wp\/v2\/media\/10892"}],"wp:attachment":[{"href":"https:\/\/leriredelarcenciel.com\/wordpress\/wp-json\/wp\/v2\/media?parent=10896"}],"wp:term":[{"taxonomy":"product_brand","embeddable":true,"href":"https:\/\/leriredelarcenciel.com\/wordpress\/wp-json\/wp\/v2\/product_brand?post=10896"},{"taxonomy":"product_cat","embeddable":true,"href":"https:\/\/leriredelarcenciel.com\/wordpress\/wp-json\/wp\/v2\/product_cat?post=10896"},{"taxonomy":"product_tag","embeddable":true,"href":"https:\/\/leriredelarcenciel.com\/wordpress\/wp-json\/wp\/v2\/product_tag?post=10896"}],"curies":[{"name":"wp","href":"https:\/\/api.w.org\/{rel}","templated":true}]}}