{"id":10813,"date":"2025-09-05T10:24:36","date_gmt":"2025-09-05T08:24:36","guid":{"rendered":"https:\/\/leriredelarcenciel.com\/wordpress\/?post_type=product&#038;p=10813"},"modified":"2026-01-23T12:00:46","modified_gmt":"2026-01-23T11:00:46","slug":"collier-nature-bord-de-mer-pendentif-bois-et-textile-chaine-argent-385","status":"publish","type":"product","link":"https:\/\/leriredelarcenciel.com\/wordpress\/produit\/collier-nature-bord-de-mer-pendentif-bois-et-textile-chaine-argent-385\/","title":{"rendered":"Collier nature bord de mer, pendentif bois et textile, cha\u00eene argent 385"},"content":{"rendered":"<p>Collier sur le th\u00e8me du bord de mer. Avec ce collier, une touche de jaune illumine le ciel bleu et votre journ\u00e9e.<\/p>\n<p>La partie textile du pendentif est peinte puis brod\u00e9e finement \u00e0 la main. Un cadre en bois lui donne un air de tableau miniature. Ce pendentif est accompagn\u00e9 d&rsquo;une cha\u00eene tour de cou en argent. Une petite cha\u00eenette au dos du collier vous permet de r\u00e9gler l\u00e9g\u00e8rement la longueur du collier.<\/p>\n<ul>\n<li>Longueur collier ras de cou : c\u00e2ble 40 cm + cha\u00eenette 3 cm<\/li>\n<li>Fermoir ressort<\/li>\n<li>Mati\u00e8re du c\u00e2ble : argent 925 massif, anti-allergique (sans nickel)<\/li>\n<li>Support de cabochon pendentif : bois de fruitier<\/li>\n<li>Tissu pendentif\u00a0: lin<\/li>\n<li>Fil \u00e0 broder pendentif\u00a0: coton<\/li>\n<li>Diam\u00e8tre du pendentif : 3,5 cm<\/li>\n<\/ul>\n<p>Pour l&rsquo;entretien du m\u00e9daillon, je vous recommande de le frotter \u00e0 plat entre vos mains, avec de l&rsquo;eau et un d\u00e9tergent doux.<\/p>\n<p>Je con\u00e7ois et r\u00e9alise chaque mod\u00e8le de broderie pr\u00e9sent\u00e9 dans ma boutique. Chacun de ces \u00ab\u00a0mini tableaux\u00a0\u00bb nature est unique.<\/p>\n<p><strong>******************<\/strong><\/p>\n<p>Pour plus de transparence, j&rsquo;ai fait le choix de ne pas inclure les <strong>frais d&rsquo;exp\u00e9dition<\/strong> dans le prix des articles que je vous propose. Ils sont donc ajout\u00e9s lors de votre commande. Retrouvez toutes les informations sur <a href=\"https:\/\/leriredelarcenciel.com\/wordpress\/2018\/07\/13\/frais-dexpedition\/\" target=\"_blank\" rel=\"noopener noreferrer\"><strong><em>Frais d&rsquo;exp\u00e9dition<\/em><\/strong><\/a><strong><em>. <\/em><\/strong><\/p>\n<p>Cet article entre dans la cat\u00e9gorie <em>Lettre suivie 100g<\/em>.<\/p>\n<p><strong>******************<\/strong><\/p>\n<p>Besoin d&rsquo;<strong>informations suppl\u00e9mentaires<\/strong> sur ce produit ? Laissez-moi un message<a href=\"https:\/\/leriredelarcenciel.com\/wordpress\/contact-2\/\" target=\"_blank\" rel=\"noopener noreferrer\"><em><strong> ici.<\/strong><\/em><\/a> Je vous r\u00e9pondrai au plus vite.<\/p>\n<p><strong>******************<\/strong><\/p>\n<p>Vous souhaitez <strong>envoyer un cadeau<\/strong> ? Je peux envoyer cet article directement \u00e0 la personne de votre choix avec un emballage cadeau et un message de votre part. Pour cela, lors de votre commande, je vous invite \u00e0 cocher la case \u00ab\u00a0Exp\u00e9dier \u00e0 une personne diff\u00e9rente\u00a0\u00bb et \u00e0 me laisser le texte du message dans la partie \u00ab\u00a0Notes de commande\u00a0\u00bb.<\/p>\n<p><strong>******************<\/strong><\/p>\n<p><strong>Moyens de paiements<\/strong> accept\u00e9s : CB et Paypal<\/p>\n","protected":false},"excerpt":{"rendered":"<p>Collier cha\u00eene argent avec m\u00e9daillon nature, tissu lin et bois, bijou artisanal pour femme, peinture et broderie \u00e0 la main<\/p>\n","protected":false},"featured_media":10814,"template":"","meta":{"jetpack_post_was_ever_published":false},"product_brand":[],"product_cat":[486],"product_tag":[516,531,434,423,296,532,499,164,165,464],"class_list":{"0":"post-10813","1":"product","2":"type-product","3":"status-publish","4":"has-post-thumbnail","6":"product_cat-colliers_brodes","7":"product_tag-artisanat-dart","8":"product_tag-artisanat-local-ile-grande","9":"product_tag-artisanat-pleumeur-bodou","10":"product_tag-bijou-unique","11":"product_tag-bijoux-boheme","12":"product_tag-bijoux-colores","13":"product_tag-broderie-a-laiguille","14":"product_tag-broderie-fine","15":"product_tag-collier-createur","16":"product_tag-le-rire-de-larc-en-ciel","17":"product_shipping_class-ls100","19":"first","20":"instock","21":"shipping-taxable","22":"purchasable","23":"product-type-simple"},"jetpack_sharing_enabled":true,"_links":{"self":[{"href":"https:\/\/leriredelarcenciel.com\/wordpress\/wp-json\/wp\/v2\/product\/10813","targetHints":{"allow":["GET"]}}],"collection":[{"href":"https:\/\/leriredelarcenciel.com\/wordpress\/wp-json\/wp\/v2\/product"}],"about":[{"href":"https:\/\/leriredelarcenciel.com\/wordpress\/wp-json\/wp\/v2\/types\/product"}],"wp:featuredmedia":[{"embeddable":true,"href":"https:\/\/leriredelarcenciel.com\/wordpress\/wp-json\/wp\/v2\/media\/10814"}],"wp:attachment":[{"href":"https:\/\/leriredelarcenciel.com\/wordpress\/wp-json\/wp\/v2\/media?parent=10813"}],"wp:term":[{"taxonomy":"product_brand","embeddable":true,"href":"https:\/\/leriredelarcenciel.com\/wordpress\/wp-json\/wp\/v2\/product_brand?post=10813"},{"taxonomy":"product_cat","embeddable":true,"href":"https:\/\/leriredelarcenciel.com\/wordpress\/wp-json\/wp\/v2\/product_cat?post=10813"},{"taxonomy":"product_tag","embeddable":true,"href":"https:\/\/leriredelarcenciel.com\/wordpress\/wp-json\/wp\/v2\/product_tag?post=10813"}],"curies":[{"name":"wp","href":"https:\/\/api.w.org\/{rel}","templated":true}]}}