{"id":10324,"date":"2025-04-30T17:28:34","date_gmt":"2025-04-30T15:28:34","guid":{"rendered":"https:\/\/leriredelarcenciel.com\/wordpress\/?post_type=product&#038;p=10324"},"modified":"2025-04-30T17:34:50","modified_gmt":"2025-04-30T15:34:50","slug":"tableau-hublot-broderie-sur-peinture-arbre-bleu-20-cm","status":"publish","type":"product","link":"https:\/\/leriredelarcenciel.com\/wordpress\/produit\/tableau-hublot-broderie-sur-peinture-arbre-bleu-20-cm\/","title":{"rendered":"Tableau hublot broderie sur peinture, arbre bleu 20 cm"},"content":{"rendered":"<p>Un arbre aux fleurs bleues*&#8230; Pour un peu, vous sentiriez son parfum jusque dans votre salon !<\/p>\n<p>Cette d\u00e9coration murale est faite d&rsquo;une toile mont\u00e9e sur un tambour \u00e0 broder. Elle a un diam\u00e8tre de 20 cm. La toile tendue sur le tambour est un lin blanc. J&rsquo;ai peint puis brod\u00e9 le motif \u00e0 la main. Plusieurs heures d&rsquo;un travail minutieux ont \u00e9t\u00e9 n\u00e9cessaires pour r\u00e9aliser ce tableau.<\/p>\n<p>Cr\u00e9ation originale et unique.<\/p>\n<p>*Inspiration c\u00e9anothe<\/p>\n<ul>\n<li>Dimensions : diam\u00e8tre 20 cm<\/li>\n<li>Tissu 100% lin fran\u00e7ais<\/li>\n<li>Fil \u00e0 broder 100% coton <em>DMC<\/em><\/li>\n<li>Tambour \u00e0 broder en h\u00eatre provenant de for\u00eats labellis\u00e9es FSC. Il sert de cadre au tableau.<\/li>\n<\/ul>\n<p><strong>******************<\/strong><\/p>\n<p>Pour plus de transparence, j&rsquo;ai fait le choix de ne pas int\u00e9grer les<strong> frais d&rsquo;exp\u00e9dition<\/strong> dans le prix des articles que je vous propose. Ils sont donc ajout\u00e9s lors de votre commande. Retrouvez toutes les informations sur <a href=\"https:\/\/leriredelarcenciel.com\/wordpress\/2018\/07\/13\/frais-dexpedition\/\" target=\"_blank\" rel=\"noopener noreferrer\"><strong><em>Frais d&rsquo;exp\u00e9dition<\/em><\/strong><\/a><strong><em>. <\/em><\/strong><\/p>\n<p>Cet article entre dans la cat\u00e9gorie <em>Lettre suivie 250g<\/em>.<\/p>\n<p><strong>******************<\/strong><\/p>\n<p>Besoin d&rsquo;<strong>informations suppl\u00e9mentaires<\/strong> sur ce produit ? Laissez-moi un message<a href=\"https:\/\/leriredelarcenciel.com\/wordpress\/contact-2\/\" target=\"_blank\" rel=\"noopener noreferrer\"><em><strong> ici.<\/strong><\/em><\/a> Je vous r\u00e9pondrai au plus vite.<\/p>\n<p><strong>******************<\/strong><\/p>\n<p>Vous souhaitez <strong>envoyer un cadeau<\/strong> ? Je peux envoyer cet article directement \u00e0 la personne de votre choix avec un emballage cadeau et un message de votre part. Pour cela, lors de votre commande, je vous invite \u00e0 cocher la case \u00ab\u00a0Exp\u00e9dier \u00e0 une personne diff\u00e9rente\u00a0\u00bb et \u00e0 me laisser le texte du message dans la partie \u00ab\u00a0Notes de commande\u00a0\u00bb.<\/p>\n<p><strong>******************<\/strong><\/p>\n<p><strong>Moyens de paiements<\/strong> accept\u00e9s : CB et Paypal<\/p>\n","protected":false},"excerpt":{"rendered":"<p>Tableau rond en peinture et broderie fine \u00e0 l\u2019aiguille, d\u00e9coration nature pr\u00e9sent\u00e9e sur toile entour\u00e9e d\u2019un tambour \u00e0 broder<\/p>\n","protected":false},"featured_media":10325,"template":"","meta":{"jetpack_post_was_ever_published":false},"product_brand":[],"product_cat":[482],"product_tag":[516,434,528,36,196,35,508,33],"class_list":{"0":"post-10324","1":"product","2":"type-product","3":"status-publish","4":"has-post-thumbnail","6":"product_cat-tableaux_brodes","7":"product_tag-artisanat-dart","8":"product_tag-artisanat-pleumeur-bodou","9":"product_tag-broderie-a-la-main","10":"product_tag-broderie-nature","11":"product_tag-broderie-sur-tambour","12":"product_tag-decoration-murale","13":"product_tag-ile-grande","14":"product_tag-tableaux-brodes","15":"product_shipping_class-ls250","17":"first","18":"instock","19":"shipping-taxable","20":"purchasable","21":"product-type-simple"},"jetpack_sharing_enabled":true,"_links":{"self":[{"href":"https:\/\/leriredelarcenciel.com\/wordpress\/wp-json\/wp\/v2\/product\/10324","targetHints":{"allow":["GET"]}}],"collection":[{"href":"https:\/\/leriredelarcenciel.com\/wordpress\/wp-json\/wp\/v2\/product"}],"about":[{"href":"https:\/\/leriredelarcenciel.com\/wordpress\/wp-json\/wp\/v2\/types\/product"}],"wp:featuredmedia":[{"embeddable":true,"href":"https:\/\/leriredelarcenciel.com\/wordpress\/wp-json\/wp\/v2\/media\/10325"}],"wp:attachment":[{"href":"https:\/\/leriredelarcenciel.com\/wordpress\/wp-json\/wp\/v2\/media?parent=10324"}],"wp:term":[{"taxonomy":"product_brand","embeddable":true,"href":"https:\/\/leriredelarcenciel.com\/wordpress\/wp-json\/wp\/v2\/product_brand?post=10324"},{"taxonomy":"product_cat","embeddable":true,"href":"https:\/\/leriredelarcenciel.com\/wordpress\/wp-json\/wp\/v2\/product_cat?post=10324"},{"taxonomy":"product_tag","embeddable":true,"href":"https:\/\/leriredelarcenciel.com\/wordpress\/wp-json\/wp\/v2\/product_tag?post=10324"}],"curies":[{"name":"wp","href":"https:\/\/api.w.org\/{rel}","templated":true}]}}