{"id":10065,"date":"2025-03-19T18:31:26","date_gmt":"2025-03-19T17:31:26","guid":{"rendered":"https:\/\/leriredelarcenciel.com\/wordpress\/?post_type=product&#038;p=10065"},"modified":"2025-03-19T18:32:54","modified_gmt":"2025-03-19T17:32:54","slug":"barrette-a-cheveux-fleurs-en-broderie-sur-lin-jaune-mangue-95cm-3","status":"publish","type":"product","link":"https:\/\/leriredelarcenciel.com\/wordpress\/produit\/barrette-a-cheveux-fleurs-en-broderie-sur-lin-jaune-mangue-95cm-3\/","title":{"rendered":"Barrette \u00e0 cheveux, fleurs en broderie sur lin jaune mangue, 9,5cm &#8211; 3"},"content":{"rendered":"<p>Sublimez votre chevelure avec des fleurs et de la couleur ! Cette barrette \u00e0 cheveux est brod\u00e9e sur du lin couleur jaune mangue. J&rsquo;ai r\u00e9alis\u00e9 la broderie fine \u00e0 la main. Elle repr\u00e9sente des petites fleurs joyeuses.<\/p>\n<p>Les deux derni\u00e8res photos vous montrent l&rsquo;arri\u00e8re de toutes les barrettes que je vous propose sur ce site.<\/p>\n<p>La partie textile est coll\u00e9e sur toute sa longueur et cousue \u00e0 chaque extr\u00e9mit\u00e9 au support m\u00e9tallique.<\/p>\n<ul>\n<li>Support barrette 9,5 cm, m\u00e9tal coloris argent\u00e9, fabrication fran\u00e7aise, solide avec partie centrale fixe. D&rsquo;autres dimensions sont disponibles en boutique (7cm et 5cm).<\/li>\n<li>Dimensions barrette finie : 10,5cm x 1,7cm environ<\/li>\n<li>Tissu : lin<\/li>\n<li>Fil \u00e0 broder : coton<\/li>\n<\/ul>\n<p>Pour l&rsquo;entretien, je vous recommande de frotter \u00e0 plat entre vos mains, avec de l&rsquo;eau et un d\u00e9tergent doux.<\/p>\n<p>Je con\u00e7ois et r\u00e9alise chaque mod\u00e8le de broderie pr\u00e9sent\u00e9 dans ma boutique. Chacun de ces \u00ab\u00a0mini tableaux\u00a0\u00bb nature est unique.<\/p>\n<p><strong>******************<\/strong><\/p>\n<p>Pour plus de transparence, j&rsquo;ai fait le choix de ne pas inclure les <strong>frais d&rsquo;exp\u00e9dition<\/strong> dans le prix des articles que je vous propose. Ils sont donc ajout\u00e9s lors de votre commande. Retrouvez toutes les informations sur <a href=\"https:\/\/leriredelarcenciel.com\/wordpress\/2018\/07\/13\/frais-dexpedition\/\" target=\"_blank\" rel=\"noopener noreferrer\"><strong><em>Frais d&rsquo;exp\u00e9dition<\/em><\/strong><\/a><strong><em>. <\/em><\/strong><\/p>\n<p>Cet article entre dans la cat\u00e9gorie <em>Lettre suivie 20g<\/em>.<\/p>\n<p><strong>******************<\/strong><\/p>\n<p>Besoin d&rsquo;<strong>informations suppl\u00e9mentaires<\/strong> sur ce produit ? Laissez-moi un message<a href=\"https:\/\/leriredelarcenciel.com\/wordpress\/contact-2\/\" target=\"_blank\" rel=\"noopener noreferrer\"><em><strong> ici.<\/strong><\/em><\/a> Je vous r\u00e9pondrai au plus vite.<\/p>\n<p><strong>******************<\/strong><\/p>\n<p>Vous souhaitez <strong>envoyer un cadeau<\/strong> ? Je peux envoyer cet article directement \u00e0 la personne de votre choix avec un emballage cadeau et un message de votre part. Pour cela, lors de votre commande, je vous invite \u00e0 cocher la case \u00ab\u00a0Exp\u00e9dier \u00e0 une personne diff\u00e9rente\u00a0\u00bb et \u00e0 me laisser le texte du message dans la partie \u00ab\u00a0Notes de commande\u00a0\u00bb.<\/p>\n<p><strong>******************<\/strong><\/p>\n<p><strong>Moyens de paiements<\/strong> accept\u00e9s : CB et Paypal<\/p>\n","protected":false},"excerpt":{"rendered":"<p>Grande barrette, tissu lin et m\u00e9tal, bijou cheveux artisanal pour femme et enfant, broderie \u00e0 la main<\/p>\n","protected":false},"featured_media":10057,"template":"","meta":{"jetpack_post_was_ever_published":false},"product_brand":[],"product_cat":[543],"product_tag":[516,435,531,434,544,356,417,423,296,499,164,464],"class_list":{"0":"post-10065","1":"product","2":"type-product","3":"status-publish","4":"has-post-thumbnail","6":"product_cat-barrettes","7":"product_tag-artisanat-dart","8":"product_tag-artisanat-francais","9":"product_tag-artisanat-local-ile-grande","10":"product_tag-artisanat-pleumeur-bodou","11":"product_tag-barrette-createur","12":"product_tag-barrette-textile","13":"product_tag-bijou-cheveux","14":"product_tag-bijou-unique","15":"product_tag-bijoux-boheme","16":"product_tag-broderie-a-laiguille","17":"product_tag-broderie-fine","18":"product_tag-le-rire-de-larc-en-ciel","19":"product_shipping_class-ls20","21":"first","22":"instock","23":"shipping-taxable","24":"purchasable","25":"product-type-simple"},"jetpack_sharing_enabled":true,"_links":{"self":[{"href":"https:\/\/leriredelarcenciel.com\/wordpress\/wp-json\/wp\/v2\/product\/10065","targetHints":{"allow":["GET"]}}],"collection":[{"href":"https:\/\/leriredelarcenciel.com\/wordpress\/wp-json\/wp\/v2\/product"}],"about":[{"href":"https:\/\/leriredelarcenciel.com\/wordpress\/wp-json\/wp\/v2\/types\/product"}],"wp:featuredmedia":[{"embeddable":true,"href":"https:\/\/leriredelarcenciel.com\/wordpress\/wp-json\/wp\/v2\/media\/10057"}],"wp:attachment":[{"href":"https:\/\/leriredelarcenciel.com\/wordpress\/wp-json\/wp\/v2\/media?parent=10065"}],"wp:term":[{"taxonomy":"product_brand","embeddable":true,"href":"https:\/\/leriredelarcenciel.com\/wordpress\/wp-json\/wp\/v2\/product_brand?post=10065"},{"taxonomy":"product_cat","embeddable":true,"href":"https:\/\/leriredelarcenciel.com\/wordpress\/wp-json\/wp\/v2\/product_cat?post=10065"},{"taxonomy":"product_tag","embeddable":true,"href":"https:\/\/leriredelarcenciel.com\/wordpress\/wp-json\/wp\/v2\/product_tag?post=10065"}],"curies":[{"name":"wp","href":"https:\/\/api.w.org\/{rel}","templated":true}]}}