{"id":2,"date":"2018-03-14T16:27:31","date_gmt":"2018-03-14T15:27:31","guid":{"rendered":"http:\/\/leriredelarcenciel.com\/wordpress\/?page_id=2"},"modified":"2021-09-08T14:13:14","modified_gmt":"2021-09-08T12:13:14","slug":"page-d-exemple","status":"publish","type":"page","link":"https:\/\/leriredelarcenciel.com\/wordpress\/page-d-exemple\/","title":{"rendered":"A propos"},"content":{"rendered":"<p>Si je vous dis&#8230;<\/p>\n<p>Vous allonger dans l&rsquo;herbe, sauter dans les flaques, ramasser des coquillages sur la plage, caresser les gramin\u00e9es des bords de chemins du bout des doigts&#8230;<\/p>\n<p>Si je vous dis&#8230;<\/p>\n<p>Faire un bouquet de fleurs sauvages de toutes les couleurs, mettre des cailloux tout doux dans vos poches&#8230;<\/p>\n<p>A travers mes cr\u00e9ations, retrouvez et cultivez l&rsquo;insouciance de votre enfance, pleine de fantaisie et de r\u00eaves, joyeuse et color\u00e9e comme le rire d&rsquo;un arc-en-ciel !<\/p>\n<p><img data-recalc-dims=\"1\" loading=\"lazy\" decoding=\"async\" class=\"size-medium wp-image-190 alignleft\" src=\"https:\/\/i0.wp.com\/leriredelarcenciel.com\/wordpress\/wp-content\/uploads\/2018\/06\/Le-Lion-Ancienne-carri%C3%A8re-de-granit.jpg?resize=300%2C225&#038;ssl=1\" alt=\"\" width=\"300\" height=\"225\" srcset=\"https:\/\/i0.wp.com\/leriredelarcenciel.com\/wordpress\/wp-content\/uploads\/2018\/06\/Le-Lion-Ancienne-carri%C3%A8re-de-granit.jpg?resize=300%2C225&amp;ssl=1 300w, https:\/\/i0.wp.com\/leriredelarcenciel.com\/wordpress\/wp-content\/uploads\/2018\/06\/Le-Lion-Ancienne-carri%C3%A8re-de-granit.jpg?resize=1000%2C750&amp;ssl=1 1000w, https:\/\/i0.wp.com\/leriredelarcenciel.com\/wordpress\/wp-content\/uploads\/2018\/06\/Le-Lion-Ancienne-carri%C3%A8re-de-granit.jpg?resize=768%2C576&amp;ssl=1 768w, https:\/\/i0.wp.com\/leriredelarcenciel.com\/wordpress\/wp-content\/uploads\/2018\/06\/Le-Lion-Ancienne-carri%C3%A8re-de-granit.jpg?resize=1024%2C768&amp;ssl=1 1024w, https:\/\/i0.wp.com\/leriredelarcenciel.com\/wordpress\/wp-content\/uploads\/2018\/06\/Le-Lion-Ancienne-carri%C3%A8re-de-granit.jpg?w=1740&amp;ssl=1 1740w\" sizes=\"auto, (max-width: 300px) 100vw, 300px\" \/><\/p>\n<p>Vous vous \u00eates arr\u00eat\u00e9-e dans ma boutique, je vous souhaite la bienvenue !<\/p>\n<p>Ici, vous trouverez des coins de paradis brod\u00e9s ou peupl\u00e9s de petits personnages espi\u00e8gles. Vous d\u00e9couvrirez des lieux paisibles, joyeux, po\u00e9tiques&#8230; sous forme d&rsquo;objets d\u00e9coratifs, de bijoux et d&rsquo;accessoires de mode. C&rsquo;est un univers color\u00e9 et gai, avec un brin de l\u00e9g\u00e8ret\u00e9 et de douceur.<\/p>\n<p>Je me pr\u00e9sente : je m&rsquo;appelle Claude et je suis la cr\u00e9atrice du Rire de l&rsquo;arc-en-ciel. Ma boutique, c&rsquo;est au d\u00e9part un atelier situ\u00e9 en bord de mer, en Bretagne (France). C&rsquo;est l\u00e0 que je travaille et que j&rsquo;ouvre ma porte toute l&rsquo;ann\u00e9e aux visiteurs.<\/p>\n<p>Je r\u00e9alise moi-m\u00eame, de mani\u00e8re artisanale et avec le plus grand soin, toutes les cr\u00e9ations pr\u00e9sent\u00e9es ici. Chacune de ces cr\u00e9ations est un mod\u00e8le unique. Je me laisse volontiers influencer par les paysages qui m&rsquo;entourent, quelque part entre terre et mer.<\/p>\n<p><img data-recalc-dims=\"1\" loading=\"lazy\" decoding=\"async\" class=\"size-medium wp-image-191 alignright\" src=\"https:\/\/i0.wp.com\/leriredelarcenciel.com\/wordpress\/wp-content\/uploads\/2018\/06\/Agapanthe.jpg?resize=300%2C199&#038;ssl=1\" alt=\"\" width=\"300\" height=\"199\" srcset=\"https:\/\/i0.wp.com\/leriredelarcenciel.com\/wordpress\/wp-content\/uploads\/2018\/06\/Agapanthe.jpg?resize=300%2C199&amp;ssl=1 300w, https:\/\/i0.wp.com\/leriredelarcenciel.com\/wordpress\/wp-content\/uploads\/2018\/06\/Agapanthe.jpg?resize=1000%2C664&amp;ssl=1 1000w, https:\/\/i0.wp.com\/leriredelarcenciel.com\/wordpress\/wp-content\/uploads\/2018\/06\/Agapanthe.jpg?resize=768%2C510&amp;ssl=1 768w, https:\/\/i0.wp.com\/leriredelarcenciel.com\/wordpress\/wp-content\/uploads\/2018\/06\/Agapanthe.jpg?resize=1024%2C680&amp;ssl=1 1024w, https:\/\/i0.wp.com\/leriredelarcenciel.com\/wordpress\/wp-content\/uploads\/2018\/06\/Agapanthe.jpg?w=1740&amp;ssl=1 1740w, https:\/\/i0.wp.com\/leriredelarcenciel.com\/wordpress\/wp-content\/uploads\/2018\/06\/Agapanthe.jpg?w=2610&amp;ssl=1 2610w\" sizes=\"auto, (max-width: 300px) 100vw, 300px\" \/><span style=\"line-height: 1.4em;\">Cette boutique en ligne est le double de mon atelier-boutique de Bretagne. N&rsquo;h\u00e9sitez pas \u00e0 revenir r\u00e9guli\u00e8rement pour d\u00e9couvrir les nouveaut\u00e9s.<\/span><\/p>\n<p>Si vous souhaitez venir \u00e0 l&rsquo;atelier-boutique, c&rsquo;est ici :<\/p>\n<p><a href=\"https:\/\/www.google.fr\/maps\/place\/Le+rire+de+l'arc-en-ciel\/@48.800189,-3.577294,15z\/data=!4m2!3m1!1s0x0:0x1f1fb702c3adbfb2?hl=fr&amp;dg=dbrw&amp;newdg=1\" target=\"_blank\" rel=\"noopener\"><em>Le rire de l&rsquo;arc-en-ciel &#8211; 17 rue des \u00celes &#8211; Ile Grande &#8211; 22560 PLEUMEUR BODOU<\/em><\/a><\/p>\n","protected":false},"excerpt":{"rendered":"<p>Si je vous dis&#8230; Vous allonger dans l&rsquo;herbe, sauter dans les flaques, ramasser des coquillages sur la plage, caresser les gramin\u00e9es des bords de chemins du bout des doigts&#8230; Si je vous dis&#8230; Faire un bouquet de fleurs sauvages de toutes les couleurs, mettre des cailloux tout doux dans vos poches&#8230; A travers mes cr\u00e9ations, [&hellip;]<\/p>\n","protected":false},"author":1,"featured_media":0,"parent":0,"menu_order":5,"comment_status":"closed","ping_status":"open","template":"","meta":{"jetpack_post_was_ever_published":false,"footnotes":""},"class_list":["post-2","page","type-page","status-publish","hentry"],"jetpack_sharing_enabled":true,"jetpack_shortlink":"https:\/\/wp.me\/P9KqoC-2","_links":{"self":[{"href":"https:\/\/leriredelarcenciel.com\/wordpress\/wp-json\/wp\/v2\/pages\/2","targetHints":{"allow":["GET"]}}],"collection":[{"href":"https:\/\/leriredelarcenciel.com\/wordpress\/wp-json\/wp\/v2\/pages"}],"about":[{"href":"https:\/\/leriredelarcenciel.com\/wordpress\/wp-json\/wp\/v2\/types\/page"}],"author":[{"embeddable":true,"href":"https:\/\/leriredelarcenciel.com\/wordpress\/wp-json\/wp\/v2\/users\/1"}],"replies":[{"embeddable":true,"href":"https:\/\/leriredelarcenciel.com\/wordpress\/wp-json\/wp\/v2\/comments?post=2"}],"version-history":[{"count":11,"href":"https:\/\/leriredelarcenciel.com\/wordpress\/wp-json\/wp\/v2\/pages\/2\/revisions"}],"predecessor-version":[{"id":5083,"href":"https:\/\/leriredelarcenciel.com\/wordpress\/wp-json\/wp\/v2\/pages\/2\/revisions\/5083"}],"wp:attachment":[{"href":"https:\/\/leriredelarcenciel.com\/wordpress\/wp-json\/wp\/v2\/media?parent=2"}],"curies":[{"name":"wp","href":"https:\/\/api.w.org\/{rel}","templated":true}]}}